{"id":1565,"date":"2024-10-20T21:25:46","date_gmt":"2024-10-20T19:25:46","guid":{"rendered":"https:\/\/villacarped.com\/politica-de-privacidad\/"},"modified":"2025-03-04T11:43:23","modified_gmt":"2025-03-04T10:43:23","slug":"politica-de-privacidad","status":"publish","type":"page","link":"https:\/\/villacarped.com\/es\/politica-de-privacidad\/","title":{"rendered":"Pol\u00edtica de privacidad"},"content":{"rendered":"\n<h2 class=\"wp-block-heading\">Qui\u00e9nes somos<\/h2>\n\n<p><strong class=\"privacy-policy-tutorial\">Texto recomendado: <\/strong>Nuestra direcci\u00f3n web es: https:\/\/villacarped.com.<\/p>\n\n<h2 class=\"wp-block-heading\">Comentarios<\/h2>\n\n<p><strong class=\"privacy-policy-tutorial\">Texto sugerido: <\/strong>cuando los visitantes publican un comentario en este sitio, se recogen los datos que aparecen en el formulario de comentarios, as\u00ed como la direcci\u00f3n IP del visitante y la cadena de agente de usuario que define el navegador, lo que ayuda a detectar el spam.<\/p>\n\n<p>Gravatar puede recibir una cadena an\u00f3nima hecha a partir de tu direcci\u00f3n de correo electr\u00f3nico (tambi\u00e9n llamada hash) que puede utilizarse para determinar si est\u00e1s utilizando el servicio. La pol\u00edtica de privacidad de Gravatar est\u00e1 disponible aqu\u00ed: https:\/\/automattic.com\/privacy\/. Una vez aprobado tu comentario, tu foto de perfil ser\u00e1 visible para el p\u00fablico en el contexto de tu comentario. <\/p>\n\n<h2 class=\"wp-block-heading\">Medios de comunicaci\u00f3n<\/h2>\n\n<p><strong class=\"privacy-policy-tutorial\">Texto recomendado: <\/strong>Si subes im\u00e1genes a este sitio web, debes evitar subir im\u00e1genes con datos de localizaci\u00f3n incrustados (EXIF GPS). Los visitantes del sitio pueden descargar y ver datos de localizaci\u00f3n arbitrarios de las im\u00e1genes del sitio. <\/p>\n\n<h2 class=\"wp-block-heading\">Cookies<\/h2>\n\n<p><strong class=\"privacy-policy-tutorial\">Texto recomendado: <\/strong>Si publicas un comentario en nuestro sitio, puedes permitir que tu nombre, direcci\u00f3n de correo electr\u00f3nico y sitio web se almacenen en cookies. De esta forma intentamos aumentar tu comodidad, cuando publiques un nuevo comentario no tendr\u00e1s que volver a rellenar esta informaci\u00f3n. Estas cookies tendr\u00e1n una vida \u00fatil de un a\u00f1o.  <\/p>\n\n<p>Si visitas nuestra p\u00e1gina de inicio de sesi\u00f3n, establecemos cookies temporales para verificar que tu navegador acepta cookies. Esta cookie no contiene ning\u00fan dato personal y se descarta cuando cierras tu navegador. <\/p>\n\n<p>Cuando te conectes, tambi\u00e9n instalaremos una serie de cookies para almacenar tus datos de acceso y para configurar la visualizaci\u00f3n de tu pantalla. Las cookies de inicio de sesi\u00f3n tienen una duraci\u00f3n de dos d\u00edas y las de configuraci\u00f3n de la pantalla de un a\u00f1o. Si confirmas la opci\u00f3n \u00abRecordarme\u00bb, tu inicio de sesi\u00f3n durar\u00e1 dos semanas. Si cierras la sesi\u00f3n de tu cuenta, se eliminar\u00e1n las cookies de inicio de sesi\u00f3n.   <\/p>\n\n<p>Si editas o publicas un art\u00edculo, se almacenar\u00e1 una cookie adicional en tu navegador. Esta cookie no contiene ning\u00fan dato personal y simplemente indica el ID del art\u00edculo que acabas de editar. Caduca al cabo de 1 d\u00eda.  <\/p>\n\n<h2 class=\"wp-block-heading\">Contenido incrustado de otros sitios web<\/h2>\n\n<p><strong class=\"privacy-policy-tutorial\">Texto recomendado: <\/strong>Las entradas de este sitio pueden contener contenido incrustado (como v\u00eddeos, im\u00e1genes, art\u00edculos, etc.). El contenido incrustado de otros sitios web se comporta de la misma manera que si el visitante hubiera visitado otro sitio web. <\/p>\n\n<p>Este sitio web puede recopilar datos sobre ti, utilizar cookies, incrustar seguimiento adicional de terceros y realizar un seguimiento de tu interacci\u00f3n con este contenido incrustado, incluido el seguimiento de tu interacci\u00f3n con el contenido incrustado si tienes una cuenta y has iniciado sesi\u00f3n en el sitio web.<\/p>\n\n<h2 class=\"wp-block-heading\">Con qui\u00e9n compartimos tus datos<\/h2>\n\n<p><strong class=\"privacy-policy-tutorial\">Texto recomendado: <\/strong>Si solicitas un restablecimiento de contrase\u00f1a, se incluir\u00e1 tu direcci\u00f3n IP en el correo electr\u00f3nico de restablecimiento de contrase\u00f1a.<\/p>\n\n<h2 class=\"wp-block-heading\">Cu\u00e1nto tiempo conservamos tus datos<\/h2>\n\n<p><strong class=\"privacy-policy-tutorial\">Texto recomendado: <\/strong>Si a\u00f1ades un comentario, el comentario y sus metadatos se conservar\u00e1n indefinidamente. Los datos se conservan con el fin de reconocer y aprobar autom\u00e1ticamente todos los comentarios posteriores, en lugar de retenerlos en la cola de moderaci\u00f3n. <\/p>\n\n<p>Para los usuarios que se registran en este sitio web (si tienen esta opci\u00f3n), tambi\u00e9n almacenamos los datos personales que proporcionan en su perfil de usuario. Todos los usuarios pueden ver, editar o borrar su informaci\u00f3n personal en cualquier momento (excepto que no pueden cambiar su nombre de usuario). Los administradores del sitio tambi\u00e9n pueden ver y editar esta informaci\u00f3n.  <\/p>\n\n<h2 class=\"wp-block-heading\">\u00bfCu\u00e1les son tus derechos?<\/h2>\n\n<p><strong class=\"privacy-policy-tutorial\">Texto recomendado: <\/strong>Si tienes una cuenta en este sitio web o has publicado comentarios aqu\u00ed, puedes solicitar que te enviemos un archivo de exportaci\u00f3n de los datos personales que tenemos sobre ti, incluidos los datos que nos hayas facilitado. Tambi\u00e9n puedes solicitar que eliminemos cualquier dato personal que tengamos sobre ti. Esta opci\u00f3n no incluye los datos que estamos obligados a conservar por motivos administrativos, legales o de seguridad.  <\/p>\n\n<h2 class=\"wp-block-heading\">D\u00f3nde se env\u00edan tus datos<\/h2>\n\n<p><strong class=\"privacy-policy-tutorial\">Texto sugerido: <\/strong>los comentarios de los visitantes pueden ser revisados por un servicio automatizado de detecci\u00f3n de spam que puede estar ubicado en el extranjero.<\/p>\n","protected":false},"excerpt":{"rendered":"<p>Qui\u00e9nes somos Texto recomendado: Nuestra direcci\u00f3n web es: https:\/\/villacarped.com. Comentarios Texto sugerido: cuando los visitantes publican un comentario en este sitio, se recogen los datos que aparecen en el formulario de comentarios, as\u00ed como la direcci\u00f3n IP del visitante y la cadena de agente de usuario que define el navegador, lo que ayuda a detectar [&hellip;]<\/p>\n","protected":false},"author":1,"featured_media":0,"parent":0,"menu_order":0,"comment_status":"closed","ping_status":"closed","template":"","meta":{"_et_pb_use_builder":"","_et_pb_old_content":"","_et_gb_content_width":"","inline_featured_image":false,"footnotes":""},"class_list":["post-1565","page","type-page","status-publish","hentry"],"yoast_head":"<!-- This site is optimized with the Yoast SEO plugin v27.4 - https:\/\/yoast.com\/product\/yoast-seo-wordpress\/ -->\n<title>Pol\u00edtica de privacidad - Villa Carpe diem Cala D&#039;Or Mallorca<\/title>\n<meta name=\"robots\" content=\"index, follow, max-snippet:-1, max-image-preview:large, max-video-preview:-1\" \/>\n<link rel=\"canonical\" href=\"https:\/\/villacarped.com\/es\/politica-de-privacidad\/\" \/>\n<meta property=\"og:locale\" content=\"es_ES\" \/>\n<meta property=\"og:type\" content=\"article\" \/>\n<meta property=\"og:title\" content=\"Pol\u00edtica de privacidad - Villa Carpe diem Cala D&#039;Or Mallorca\" \/>\n<meta property=\"og:description\" content=\"Qui\u00e9nes somos Texto recomendado: Nuestra direcci\u00f3n web es: https:\/\/villacarped.com. Comentarios Texto sugerido: cuando los visitantes publican un comentario en este sitio, se recogen los datos que aparecen en el formulario de comentarios, as\u00ed como la direcci\u00f3n IP del visitante y la cadena de agente de usuario que define el navegador, lo que ayuda a detectar [&hellip;]\" \/>\n<meta property=\"og:url\" content=\"https:\/\/villacarped.com\/es\/politica-de-privacidad\/\" \/>\n<meta property=\"og:site_name\" content=\"Villa Carpe diem Cala D&#039;Or Mallorca\" \/>\n<meta property=\"article:modified_time\" content=\"2025-03-04T10:43:23+00:00\" \/>\n<meta name=\"twitter:card\" content=\"summary_large_image\" \/>\n<meta name=\"twitter:label1\" content=\"Tiempo de lectura\" \/>\n\t<meta name=\"twitter:data1\" content=\"4 minutos\" \/>\n<script type=\"application\/ld+json\" class=\"yoast-schema-graph\">{\"@context\":\"https:\\\/\\\/schema.org\",\"@graph\":[{\"@type\":\"WebPage\",\"@id\":\"https:\\\/\\\/villacarped.com\\\/es\\\/politica-de-privacidad\\\/\",\"url\":\"https:\\\/\\\/villacarped.com\\\/es\\\/politica-de-privacidad\\\/\",\"name\":\"Pol\u00edtica de privacidad - Villa Carpe diem Cala D'Or Mallorca\",\"isPartOf\":{\"@id\":\"https:\\\/\\\/villacarped.com\\\/es\\\/#website\"},\"datePublished\":\"2024-10-20T19:25:46+00:00\",\"dateModified\":\"2025-03-04T10:43:23+00:00\",\"breadcrumb\":{\"@id\":\"https:\\\/\\\/villacarped.com\\\/es\\\/politica-de-privacidad\\\/#breadcrumb\"},\"inLanguage\":\"es\",\"potentialAction\":[{\"@type\":\"ReadAction\",\"target\":[\"https:\\\/\\\/villacarped.com\\\/es\\\/politica-de-privacidad\\\/\"]}]},{\"@type\":\"BreadcrumbList\",\"@id\":\"https:\\\/\\\/villacarped.com\\\/es\\\/politica-de-privacidad\\\/#breadcrumb\",\"itemListElement\":[{\"@type\":\"ListItem\",\"position\":1,\"name\":\"Dom\u016f\",\"item\":\"https:\\\/\\\/villacarped.com\\\/es\\\/villa-carpe-diem\\\/\"},{\"@type\":\"ListItem\",\"position\":2,\"name\":\"Pol\u00edtica de privacidad\"}]},{\"@type\":\"WebSite\",\"@id\":\"https:\\\/\\\/villacarped.com\\\/es\\\/#website\",\"url\":\"https:\\\/\\\/villacarped.com\\\/es\\\/\",\"name\":\"Villa Carpe diem Cala D\u00b4Or Mallorca\",\"description\":\"...vive tus sue\u00f1os\",\"publisher\":{\"@id\":\"https:\\\/\\\/villacarped.com\\\/es\\\/#organization\"},\"potentialAction\":[{\"@type\":\"SearchAction\",\"target\":{\"@type\":\"EntryPoint\",\"urlTemplate\":\"https:\\\/\\\/villacarped.com\\\/es\\\/?s={search_term_string}\"},\"query-input\":{\"@type\":\"PropertyValueSpecification\",\"valueRequired\":true,\"valueName\":\"search_term_string\"}}],\"inLanguage\":\"es\"},{\"@type\":\"Organization\",\"@id\":\"https:\\\/\\\/villacarped.com\\\/es\\\/#organization\",\"name\":\"Villa Carpe diem Cala D\u00b4Or Mallorca\",\"url\":\"https:\\\/\\\/villacarped.com\\\/es\\\/\",\"logo\":{\"@type\":\"ImageObject\",\"inLanguage\":\"es\",\"@id\":\"https:\\\/\\\/villacarped.com\\\/es\\\/#\\\/schema\\\/logo\\\/image\\\/\",\"url\":\"https:\\\/\\\/villacarped.com\\\/wp-content\\\/uploads\\\/2025\\\/02\\\/logo-final-shin.png\",\"contentUrl\":\"https:\\\/\\\/villacarped.com\\\/wp-content\\\/uploads\\\/2025\\\/02\\\/logo-final-shin.png\",\"width\":536,\"height\":253,\"caption\":\"Villa Carpe diem Cala D\u00b4Or Mallorca\"},\"image\":{\"@id\":\"https:\\\/\\\/villacarped.com\\\/es\\\/#\\\/schema\\\/logo\\\/image\\\/\"},\"sameAs\":[\"https:\\\/\\\/www.instagram.com\\\/villacarped\\\/\"]}]}<\/script>\n<!-- \/ Yoast SEO plugin. -->","yoast_head_json":{"title":"Pol\u00edtica de privacidad - Villa Carpe diem Cala D'Or Mallorca","robots":{"index":"index","follow":"follow","max-snippet":"max-snippet:-1","max-image-preview":"max-image-preview:large","max-video-preview":"max-video-preview:-1"},"canonical":"https:\/\/villacarped.com\/es\/politica-de-privacidad\/","og_locale":"es_ES","og_type":"article","og_title":"Pol\u00edtica de privacidad - Villa Carpe diem Cala D'Or Mallorca","og_description":"Qui\u00e9nes somos Texto recomendado: Nuestra direcci\u00f3n web es: https:\/\/villacarped.com. Comentarios Texto sugerido: cuando los visitantes publican un comentario en este sitio, se recogen los datos que aparecen en el formulario de comentarios, as\u00ed como la direcci\u00f3n IP del visitante y la cadena de agente de usuario que define el navegador, lo que ayuda a detectar [&hellip;]","og_url":"https:\/\/villacarped.com\/es\/politica-de-privacidad\/","og_site_name":"Villa Carpe diem Cala D'Or Mallorca","article_modified_time":"2025-03-04T10:43:23+00:00","twitter_card":"summary_large_image","twitter_misc":{"Tiempo de lectura":"4 minutos"},"schema":{"@context":"https:\/\/schema.org","@graph":[{"@type":"WebPage","@id":"https:\/\/villacarped.com\/es\/politica-de-privacidad\/","url":"https:\/\/villacarped.com\/es\/politica-de-privacidad\/","name":"Pol\u00edtica de privacidad - Villa Carpe diem Cala D'Or Mallorca","isPartOf":{"@id":"https:\/\/villacarped.com\/es\/#website"},"datePublished":"2024-10-20T19:25:46+00:00","dateModified":"2025-03-04T10:43:23+00:00","breadcrumb":{"@id":"https:\/\/villacarped.com\/es\/politica-de-privacidad\/#breadcrumb"},"inLanguage":"es","potentialAction":[{"@type":"ReadAction","target":["https:\/\/villacarped.com\/es\/politica-de-privacidad\/"]}]},{"@type":"BreadcrumbList","@id":"https:\/\/villacarped.com\/es\/politica-de-privacidad\/#breadcrumb","itemListElement":[{"@type":"ListItem","position":1,"name":"Dom\u016f","item":"https:\/\/villacarped.com\/es\/villa-carpe-diem\/"},{"@type":"ListItem","position":2,"name":"Pol\u00edtica de privacidad"}]},{"@type":"WebSite","@id":"https:\/\/villacarped.com\/es\/#website","url":"https:\/\/villacarped.com\/es\/","name":"Villa Carpe diem Cala D\u00b4Or Mallorca","description":"...vive tus sue\u00f1os","publisher":{"@id":"https:\/\/villacarped.com\/es\/#organization"},"potentialAction":[{"@type":"SearchAction","target":{"@type":"EntryPoint","urlTemplate":"https:\/\/villacarped.com\/es\/?s={search_term_string}"},"query-input":{"@type":"PropertyValueSpecification","valueRequired":true,"valueName":"search_term_string"}}],"inLanguage":"es"},{"@type":"Organization","@id":"https:\/\/villacarped.com\/es\/#organization","name":"Villa Carpe diem Cala D\u00b4Or Mallorca","url":"https:\/\/villacarped.com\/es\/","logo":{"@type":"ImageObject","inLanguage":"es","@id":"https:\/\/villacarped.com\/es\/#\/schema\/logo\/image\/","url":"https:\/\/villacarped.com\/wp-content\/uploads\/2025\/02\/logo-final-shin.png","contentUrl":"https:\/\/villacarped.com\/wp-content\/uploads\/2025\/02\/logo-final-shin.png","width":536,"height":253,"caption":"Villa Carpe diem Cala D\u00b4Or Mallorca"},"image":{"@id":"https:\/\/villacarped.com\/es\/#\/schema\/logo\/image\/"},"sameAs":["https:\/\/www.instagram.com\/villacarped\/"]}]}},"_links":{"self":[{"href":"https:\/\/villacarped.com\/es\/wp-json\/wp\/v2\/pages\/1565","targetHints":{"allow":["GET"]}}],"collection":[{"href":"https:\/\/villacarped.com\/es\/wp-json\/wp\/v2\/pages"}],"about":[{"href":"https:\/\/villacarped.com\/es\/wp-json\/wp\/v2\/types\/page"}],"author":[{"embeddable":true,"href":"https:\/\/villacarped.com\/es\/wp-json\/wp\/v2\/users\/1"}],"replies":[{"embeddable":true,"href":"https:\/\/villacarped.com\/es\/wp-json\/wp\/v2\/comments?post=1565"}],"version-history":[{"count":1,"href":"https:\/\/villacarped.com\/es\/wp-json\/wp\/v2\/pages\/1565\/revisions"}],"predecessor-version":[{"id":1568,"href":"https:\/\/villacarped.com\/es\/wp-json\/wp\/v2\/pages\/1565\/revisions\/1568"}],"wp:attachment":[{"href":"https:\/\/villacarped.com\/es\/wp-json\/wp\/v2\/media?parent=1565"}],"curies":[{"name":"wp","href":"https:\/\/api.w.org\/{rel}","templated":true}]}}