{"id":1653,"date":"2024-10-20T21:25:46","date_gmt":"2024-10-20T19:25:46","guid":{"rendered":"https:\/\/villacarped.com\/datenschutzbestimmungen\/"},"modified":"2025-03-04T11:43:48","modified_gmt":"2025-03-04T10:43:48","slug":"datenschutzbestimmungen","status":"publish","type":"page","link":"https:\/\/villacarped.com\/de\/datenschutzbestimmungen\/","title":{"rendered":"Datenschutzbestimmungen"},"content":{"rendered":"\n<h2 class=\"wp-block-heading\">Wer wir sind<\/h2>\n\n<p><strong class=\"privacy-policy-tutorial\">Empfohlener Text: <\/strong>Unsere Webadresse lautet: https:\/\/villacarped.com.<\/p>\n\n<h2 class=\"wp-block-heading\">Kommentare<\/h2>\n\n<p><strong class=\"privacy-policy-tutorial\">Vorgeschlagener Text: <\/strong>Wenn Besucher einen Kommentar auf dieser Website abgeben, werden die im Kommentarformular angezeigten Informationen sowie die IP-Adresse des Besuchers und der User-Agent-String, der den Browser definiert, erfasst, was zur Erkennung von Spam beitr\u00e4gt.<\/p>\n\n<p>Gravatar kann eine anonyme Zeichenfolge aus Ihrer E-Mail-Adresse (auch Hash genannt) erhalten, mit der festgestellt werden kann, ob Sie den Dienst nutzen. Die Datenschutzbestimmungen von Gravatar finden Sie hier: https:\/\/automattic.com\/privacy\/. Sobald Ihr Kommentar genehmigt wurde, ist Ihr Profilbild im Kontext Ihres Kommentars f\u00fcr die \u00d6ffentlichkeit sichtbar. <\/p>\n\n<h2 class=\"wp-block-heading\">Medien<\/h2>\n\n<p><strong class=\"privacy-policy-tutorial\">Empfohlener Text: <\/strong>Wenn Sie Bilder auf diese Website hochladen, sollten Sie das Hochladen von Bildern mit eingebetteten Standortdaten (EXIF-GPS) vermeiden. Besucher der Website k\u00f6nnen beliebige Standortdaten von Bildern auf der Website herunterladen und ansehen. <\/p>\n\n<h2 class=\"wp-block-heading\">Cookies<\/h2>\n\n<p><strong class=\"privacy-policy-tutorial\">Empfohlener Text: <\/strong>Wenn Sie einen Kommentar auf unserer Website abgeben, k\u00f6nnen Sie zulassen, dass Ihr Name, Ihre E-Mail-Adresse und Ihre Website in Cookies gespeichert werden. Auf diese Weise versuchen wir, Ihre Bequemlichkeit zu erh\u00f6hen. Wenn Sie einen neuen Kommentar abgeben, m\u00fcssen Sie diese Informationen nicht erneut eingeben. Diese Cookies haben eine Lebensdauer von einem Jahr.  <\/p>\n\n<p>Wenn Sie unsere Anmeldeseite besuchen, setzen wir tempor\u00e4re Cookies, um zu \u00fcberpr\u00fcfen, ob Ihr Browser Cookies akzeptiert. Dieses Cookie enth\u00e4lt keine pers\u00f6nlichen Daten und wird verworfen, wenn Sie Ihren Browser schlie\u00dfen. <\/p>\n\n<p>Wenn Sie sich anmelden, setzen wir auch eine Reihe von Cookies, um Ihre Anmeldedaten zu speichern und Ihre Bildschirmdarstellung einzustellen. Die Login-Cookies haben eine Lebensdauer von zwei Tagen und die Cookies f\u00fcr die Bildschirmeinstellungen haben eine Lebensdauer von einem Jahr. Wenn Sie die Option &#8222;Angemeldet bleiben&#8220; best\u00e4tigen, bleibt Ihr Login zwei Wochen lang erhalten. Wenn Sie sich von Ihrem Konto abmelden, werden die Login-Cookies entfernt.   <\/p>\n\n<p>Wenn Sie einen Artikel bearbeiten oder ver\u00f6ffentlichen, wird ein zus\u00e4tzliches Cookie in Ihrem Browser gespeichert. Dieses Cookie enth\u00e4lt keine pers\u00f6nlichen Daten und zeigt lediglich die ID des Beitrags an, den Sie gerade bearbeitet haben. Er l\u00e4uft nach 1 Tag ab.  <\/p>\n\n<h2 class=\"wp-block-heading\">Eingebettete Inhalte von anderen Websites<\/h2>\n\n<p><strong class=\"privacy-policy-tutorial\">Empfohlener Text: <\/strong>Beitr\u00e4ge auf dieser Website k\u00f6nnen eingebettete Inhalte (wie Videos, Bilder, Artikel usw.) enthalten. Eingebettete Inhalte von anderen Websites verhalten sich genauso, als ob der Besucher eine andere Website besucht h\u00e4tte. <\/p>\n\n<p>Diese Website kann Daten \u00fcber Sie sammeln, Cookies verwenden, zus\u00e4tzliche Verfolgungen von Dritten einbetten und Ihre Interaktion mit diesen eingebetteten Inhalten verfolgen, einschlie\u00dflich der Verfolgung Ihrer Interaktion mit eingebetteten Inhalten, wenn Sie ein Konto haben und bei der Website angemeldet sind.<\/p>\n\n<h2 class=\"wp-block-heading\">Mit wem wir Ihre Daten teilen<\/h2>\n\n<p><strong class=\"privacy-policy-tutorial\">Empfohlener Text: <\/strong>Wenn Sie eine Passwortr\u00fccksetzung anfordern, wird Ihre IP-Adresse in der E-Mail zur Passwortr\u00fccksetzung angegeben.<\/p>\n\n<h2 class=\"wp-block-heading\">Wie lange wir Ihre Daten aufbewahren<\/h2>\n\n<p><strong class=\"privacy-policy-tutorial\">Empfohlener Text: <\/strong>Wenn Sie einen Kommentar hinzuf\u00fcgen, werden der Kommentar und seine Metadaten auf unbestimmte Zeit gespeichert. Die Daten werden gespeichert, um alle nachfolgenden Kommentare automatisch zu erkennen und zu genehmigen, anstatt sie in der Moderationswarteschlange zu halten. <\/p>\n\n<p>F\u00fcr Benutzer, die sich auf dieser Website registrieren (wenn sie diese M\u00f6glichkeit haben), speichern wir auch die pers\u00f6nlichen Daten, die sie in ihrem Benutzerprofil angeben. Alle Benutzer k\u00f6nnen ihre pers\u00f6nlichen Daten jederzeit einsehen, bearbeiten oder l\u00f6schen (au\u00dfer dass sie ihren Benutzernamen nicht \u00e4ndern k\u00f6nnen). Auch die Administratoren der Website k\u00f6nnen diese Informationen einsehen und bearbeiten.  <\/p>\n\n<h2 class=\"wp-block-heading\">Was sind Ihre Rechte?<\/h2>\n\n<p><strong class=\"privacy-policy-tutorial\">Empfohlener Text: <\/strong>Wenn Sie ein Konto auf dieser Website haben oder hier Kommentare gepostet haben, k\u00f6nnen Sie eine Exportdatei der pers\u00f6nlichen Daten anfordern, die wir \u00fcber Sie gespeichert haben, einschlie\u00dflich aller Daten, die Sie uns zur Verf\u00fcgung gestellt haben. Sie k\u00f6nnen auch verlangen, dass wir alle personenbezogenen Daten, die wir \u00fcber Sie gespeichert haben, entfernen. Diese Option gilt nicht f\u00fcr Daten, die wir aus administrativen, rechtlichen oder Sicherheitsgr\u00fcnden aufbewahren m\u00fcssen.  <\/p>\n\n<h2 class=\"wp-block-heading\">Wohin Ihre Daten gesendet werden<\/h2>\n\n<p><strong class=\"privacy-policy-tutorial\">Vorgeschlagener Text: <\/strong>Besucherkommentare k\u00f6nnen von einem automatischen Spam-Erkennungsdienst \u00fcberpr\u00fcft werden, der sich m\u00f6glicherweise im Ausland befindet.<\/p>\n","protected":false},"excerpt":{"rendered":"<p>Wer wir sind Empfohlener Text: Unsere Webadresse lautet: https:\/\/villacarped.com. Kommentare Vorgeschlagener Text: Wenn Besucher einen Kommentar auf dieser Website abgeben, werden die im Kommentarformular angezeigten Informationen sowie die IP-Adresse des Besuchers und der User-Agent-String, der den Browser definiert, erfasst, was zur Erkennung von Spam beitr\u00e4gt. Gravatar kann eine anonyme Zeichenfolge aus Ihrer E-Mail-Adresse (auch Hash [&hellip;]<\/p>\n","protected":false},"author":1,"featured_media":0,"parent":0,"menu_order":0,"comment_status":"closed","ping_status":"closed","template":"","meta":{"_et_pb_use_builder":"","_et_pb_old_content":"","_et_gb_content_width":"","inline_featured_image":false,"footnotes":""},"class_list":["post-1653","page","type-page","status-publish","hentry"],"yoast_head":"<!-- This site is optimized with the Yoast SEO plugin v27.4 - https:\/\/yoast.com\/product\/yoast-seo-wordpress\/ -->\n<title>Datenschutzbestimmungen - Villa Carpe diem Cala D&#039;Or Mallorca<\/title>\n<meta name=\"robots\" content=\"index, follow, max-snippet:-1, max-image-preview:large, max-video-preview:-1\" \/>\n<link rel=\"canonical\" href=\"https:\/\/villacarped.com\/de\/datenschutzbestimmungen\/\" \/>\n<meta property=\"og:locale\" content=\"de_DE\" \/>\n<meta property=\"og:type\" content=\"article\" \/>\n<meta property=\"og:title\" content=\"Datenschutzbestimmungen - Villa Carpe diem Cala D&#039;Or Mallorca\" \/>\n<meta property=\"og:description\" content=\"Wer wir sind Empfohlener Text: Unsere Webadresse lautet: https:\/\/villacarped.com. Kommentare Vorgeschlagener Text: Wenn Besucher einen Kommentar auf dieser Website abgeben, werden die im Kommentarformular angezeigten Informationen sowie die IP-Adresse des Besuchers und der User-Agent-String, der den Browser definiert, erfasst, was zur Erkennung von Spam beitr\u00e4gt. Gravatar kann eine anonyme Zeichenfolge aus Ihrer E-Mail-Adresse (auch Hash [&hellip;]\" \/>\n<meta property=\"og:url\" content=\"https:\/\/villacarped.com\/de\/datenschutzbestimmungen\/\" \/>\n<meta property=\"og:site_name\" content=\"Villa Carpe diem Cala D&#039;Or Mallorca\" \/>\n<meta property=\"article:modified_time\" content=\"2025-03-04T10:43:48+00:00\" \/>\n<meta name=\"twitter:card\" content=\"summary_large_image\" \/>\n<meta name=\"twitter:label1\" content=\"Gesch\u00e4tzte Lesezeit\" \/>\n\t<meta name=\"twitter:data1\" content=\"3\u00a0Minuten\" \/>\n<script type=\"application\/ld+json\" class=\"yoast-schema-graph\">{\"@context\":\"https:\\\/\\\/schema.org\",\"@graph\":[{\"@type\":\"WebPage\",\"@id\":\"https:\\\/\\\/villacarped.com\\\/de\\\/datenschutzbestimmungen\\\/\",\"url\":\"https:\\\/\\\/villacarped.com\\\/de\\\/datenschutzbestimmungen\\\/\",\"name\":\"Datenschutzbestimmungen - Villa Carpe diem Cala D'Or Mallorca\",\"isPartOf\":{\"@id\":\"https:\\\/\\\/villacarped.com\\\/de\\\/#website\"},\"datePublished\":\"2024-10-20T19:25:46+00:00\",\"dateModified\":\"2025-03-04T10:43:48+00:00\",\"breadcrumb\":{\"@id\":\"https:\\\/\\\/villacarped.com\\\/de\\\/datenschutzbestimmungen\\\/#breadcrumb\"},\"inLanguage\":\"de\",\"potentialAction\":[{\"@type\":\"ReadAction\",\"target\":[\"https:\\\/\\\/villacarped.com\\\/de\\\/datenschutzbestimmungen\\\/\"]}]},{\"@type\":\"BreadcrumbList\",\"@id\":\"https:\\\/\\\/villacarped.com\\\/de\\\/datenschutzbestimmungen\\\/#breadcrumb\",\"itemListElement\":[{\"@type\":\"ListItem\",\"position\":1,\"name\":\"Dom\u016f\",\"item\":\"https:\\\/\\\/villacarped.com\\\/de\\\/villa-carpe-diem\\\/\"},{\"@type\":\"ListItem\",\"position\":2,\"name\":\"Datenschutzbestimmungen\"}]},{\"@type\":\"WebSite\",\"@id\":\"https:\\\/\\\/villacarped.com\\\/de\\\/#website\",\"url\":\"https:\\\/\\\/villacarped.com\\\/de\\\/\",\"name\":\"Villa Carpe diem Cala D\u00b4Or Mallorca\",\"description\":\"...leben Sie Ihre Tr\u00e4ume\",\"publisher\":{\"@id\":\"https:\\\/\\\/villacarped.com\\\/de\\\/#organization\"},\"potentialAction\":[{\"@type\":\"SearchAction\",\"target\":{\"@type\":\"EntryPoint\",\"urlTemplate\":\"https:\\\/\\\/villacarped.com\\\/de\\\/?s={search_term_string}\"},\"query-input\":{\"@type\":\"PropertyValueSpecification\",\"valueRequired\":true,\"valueName\":\"search_term_string\"}}],\"inLanguage\":\"de\"},{\"@type\":\"Organization\",\"@id\":\"https:\\\/\\\/villacarped.com\\\/de\\\/#organization\",\"name\":\"Villa Carpe diem Cala D\u00b4Or Mallorca\",\"url\":\"https:\\\/\\\/villacarped.com\\\/de\\\/\",\"logo\":{\"@type\":\"ImageObject\",\"inLanguage\":\"de\",\"@id\":\"https:\\\/\\\/villacarped.com\\\/de\\\/#\\\/schema\\\/logo\\\/image\\\/\",\"url\":\"https:\\\/\\\/villacarped.com\\\/wp-content\\\/uploads\\\/2025\\\/02\\\/logo-final-shin.png\",\"contentUrl\":\"https:\\\/\\\/villacarped.com\\\/wp-content\\\/uploads\\\/2025\\\/02\\\/logo-final-shin.png\",\"width\":536,\"height\":253,\"caption\":\"Villa Carpe diem Cala D\u00b4Or Mallorca\"},\"image\":{\"@id\":\"https:\\\/\\\/villacarped.com\\\/de\\\/#\\\/schema\\\/logo\\\/image\\\/\"},\"sameAs\":[\"https:\\\/\\\/www.instagram.com\\\/villacarped\\\/\"]}]}<\/script>\n<!-- \/ Yoast SEO plugin. -->","yoast_head_json":{"title":"Datenschutzbestimmungen - Villa Carpe diem Cala D'Or Mallorca","robots":{"index":"index","follow":"follow","max-snippet":"max-snippet:-1","max-image-preview":"max-image-preview:large","max-video-preview":"max-video-preview:-1"},"canonical":"https:\/\/villacarped.com\/de\/datenschutzbestimmungen\/","og_locale":"de_DE","og_type":"article","og_title":"Datenschutzbestimmungen - Villa Carpe diem Cala D'Or Mallorca","og_description":"Wer wir sind Empfohlener Text: Unsere Webadresse lautet: https:\/\/villacarped.com. Kommentare Vorgeschlagener Text: Wenn Besucher einen Kommentar auf dieser Website abgeben, werden die im Kommentarformular angezeigten Informationen sowie die IP-Adresse des Besuchers und der User-Agent-String, der den Browser definiert, erfasst, was zur Erkennung von Spam beitr\u00e4gt. Gravatar kann eine anonyme Zeichenfolge aus Ihrer E-Mail-Adresse (auch Hash [&hellip;]","og_url":"https:\/\/villacarped.com\/de\/datenschutzbestimmungen\/","og_site_name":"Villa Carpe diem Cala D'Or Mallorca","article_modified_time":"2025-03-04T10:43:48+00:00","twitter_card":"summary_large_image","twitter_misc":{"Gesch\u00e4tzte Lesezeit":"3\u00a0Minuten"},"schema":{"@context":"https:\/\/schema.org","@graph":[{"@type":"WebPage","@id":"https:\/\/villacarped.com\/de\/datenschutzbestimmungen\/","url":"https:\/\/villacarped.com\/de\/datenschutzbestimmungen\/","name":"Datenschutzbestimmungen - Villa Carpe diem Cala D'Or Mallorca","isPartOf":{"@id":"https:\/\/villacarped.com\/de\/#website"},"datePublished":"2024-10-20T19:25:46+00:00","dateModified":"2025-03-04T10:43:48+00:00","breadcrumb":{"@id":"https:\/\/villacarped.com\/de\/datenschutzbestimmungen\/#breadcrumb"},"inLanguage":"de","potentialAction":[{"@type":"ReadAction","target":["https:\/\/villacarped.com\/de\/datenschutzbestimmungen\/"]}]},{"@type":"BreadcrumbList","@id":"https:\/\/villacarped.com\/de\/datenschutzbestimmungen\/#breadcrumb","itemListElement":[{"@type":"ListItem","position":1,"name":"Dom\u016f","item":"https:\/\/villacarped.com\/de\/villa-carpe-diem\/"},{"@type":"ListItem","position":2,"name":"Datenschutzbestimmungen"}]},{"@type":"WebSite","@id":"https:\/\/villacarped.com\/de\/#website","url":"https:\/\/villacarped.com\/de\/","name":"Villa Carpe diem Cala D\u00b4Or Mallorca","description":"...leben Sie Ihre Tr\u00e4ume","publisher":{"@id":"https:\/\/villacarped.com\/de\/#organization"},"potentialAction":[{"@type":"SearchAction","target":{"@type":"EntryPoint","urlTemplate":"https:\/\/villacarped.com\/de\/?s={search_term_string}"},"query-input":{"@type":"PropertyValueSpecification","valueRequired":true,"valueName":"search_term_string"}}],"inLanguage":"de"},{"@type":"Organization","@id":"https:\/\/villacarped.com\/de\/#organization","name":"Villa Carpe diem Cala D\u00b4Or Mallorca","url":"https:\/\/villacarped.com\/de\/","logo":{"@type":"ImageObject","inLanguage":"de","@id":"https:\/\/villacarped.com\/de\/#\/schema\/logo\/image\/","url":"https:\/\/villacarped.com\/wp-content\/uploads\/2025\/02\/logo-final-shin.png","contentUrl":"https:\/\/villacarped.com\/wp-content\/uploads\/2025\/02\/logo-final-shin.png","width":536,"height":253,"caption":"Villa Carpe diem Cala D\u00b4Or Mallorca"},"image":{"@id":"https:\/\/villacarped.com\/de\/#\/schema\/logo\/image\/"},"sameAs":["https:\/\/www.instagram.com\/villacarped\/"]}]}},"_links":{"self":[{"href":"https:\/\/villacarped.com\/de\/wp-json\/wp\/v2\/pages\/1653","targetHints":{"allow":["GET"]}}],"collection":[{"href":"https:\/\/villacarped.com\/de\/wp-json\/wp\/v2\/pages"}],"about":[{"href":"https:\/\/villacarped.com\/de\/wp-json\/wp\/v2\/types\/page"}],"author":[{"embeddable":true,"href":"https:\/\/villacarped.com\/de\/wp-json\/wp\/v2\/users\/1"}],"replies":[{"embeddable":true,"href":"https:\/\/villacarped.com\/de\/wp-json\/wp\/v2\/comments?post=1653"}],"version-history":[{"count":1,"href":"https:\/\/villacarped.com\/de\/wp-json\/wp\/v2\/pages\/1653\/revisions"}],"predecessor-version":[{"id":1655,"href":"https:\/\/villacarped.com\/de\/wp-json\/wp\/v2\/pages\/1653\/revisions\/1655"}],"wp:attachment":[{"href":"https:\/\/villacarped.com\/de\/wp-json\/wp\/v2\/media?parent=1653"}],"curies":[{"name":"wp","href":"https:\/\/api.w.org\/{rel}","templated":true}]}}