{"id":1610,"date":"2025-01-27T11:15:56","date_gmt":"2025-01-27T10:15:56","guid":{"rendered":"https:\/\/villacarped.com\/ueber-uns\/"},"modified":"2025-07-08T13:15:25","modified_gmt":"2025-07-08T11:15:25","slug":"ueber-uns","status":"publish","type":"page","link":"https:\/\/villacarped.com\/de\/ueber-uns\/","title":{"rendered":"\u00dcber uns"},"content":{"rendered":"<p>[et_pb_section fb_built=&#8220;1&#8243; _builder_version=&#8220;4.27.4&#8243; _module_preset=&#8220;default&#8220; background_image=&#8220;https:\/\/villacarped.com\/wp-content\/uploads\/2025\/03\/onas2.jpg&#8220; parallax=&#8220;on&#8220; global_colors_info=&#8220;{}&#8220;][et_pb_row column_structure=&#8220;3_5,2_5&#8243; _builder_version=&#8220;4.27.4&#8243; _module_preset=&#8220;default&#8220; hover_enabled=&#8220;0&#8243; global_colors_info=&#8220;{}&#8220; sticky_enabled=&#8220;0&#8243;][et_pb_column type=&#8220;3_5&#8243; _builder_version=&#8220;4.27.4&#8243; _module_preset=&#8220;default&#8220; background_color=&#8220;#FFFFFF&#8220; custom_padding=&#8220;40px|40px|40px|40px|true|true&#8220; hover_enabled=&#8220;0&#8243; box_shadow_style=&#8220;preset1&#8243; global_colors_info=&#8220;{}&#8220; border_radii=&#8220;on|30px|30px|30px|30px&#8220; sticky_enabled=&#8220;0&#8243;][et_pb_text _builder_version=&#8220;4.27.4&#8243; _module_preset=&#8220;default&#8220; global_colors_info=&#8220;{}&#8220;]<\/p>\n<h3>Wir sind leidenschaftliche Reisende rund um die Welt<\/h3>\n<p>Die sch\u00f6nste Perle der Balearen, Mallorca, hat uns verzaubert. Nach langer Suche nach einem geeigneten Ort haben wir die malerische K\u00fcste Mallorcas in der Stadt Cala d&#8217;Or entdeckt. Die beeindruckenden Felsklippen und Sandstr\u00e4nde haben uns buchst\u00e4blich in ihren Bann gezogen. Auf den ersten Blick waren die t\u00fcrkisblaue Farbe des Meeres und die typischen wei\u00dfen H\u00e4user die offensichtliche Wahl f\u00fcr den Bau unserer Traumvilla Carpe diem Carpe diem ist das lateinische Sprichwort f\u00fcr &#8222;Genie\u00dfe den Tag&#8220; und ist daher ein harmonisches Adjektiv f\u00fcr unsere Villa.   <\/p>\n<p>Ein wundersch\u00f6nes und unvergessliches Gef\u00fchl bringt die Ruhe und den Frieden an diesem Ort, den Sie nie vergessen werden. Der La Perla-Komplex ist ein einladender Ort f\u00fcr alle. Die Perle war schon immer ein Geschenk des Meeres f\u00fcr Mallorca, ein Symbol f\u00fcr Sch\u00f6nheit und Zartheit. Jede Frau sollte ihre eigene Perle haben, denn sie ist ebenso einzigartig.  <\/p>\n<p>[\/et_pb_text][\/et_pb_column][et_pb_column type=&#8220;2_5&#8243; _builder_version=&#8220;4.27.4&#8243; _module_preset=&#8220;default&#8220; global_colors_info=&#8220;{}&#8220;][\/et_pb_column][\/et_pb_row][\/et_pb_section][et_pb_section fb_built=&#8220;1&#8243; _builder_version=&#8220;4.27.4&#8243; _module_preset=&#8220;default&#8220; global_colors_info=&#8220;{}&#8220;][et_pb_row column_structure=&#8220;2_3,1_3&#8243; _builder_version=&#8220;4.27.4&#8243; _module_preset=&#8220;default&#8220; global_colors_info=&#8220;{}&#8220;][et_pb_column type=&#8220;2_3&#8243; _builder_version=&#8220;4.27.4&#8243; _module_preset=&#8220;default&#8220; global_colors_info=&#8220;{}&#8220;][et_pb_text _builder_version=&#8220;4.27.4&#8243; _module_preset=&#8220;default&#8220; global_colors_info=&#8220;{}&#8220;]<\/p>\n<h3>Die Villa Carpe Diem ist einzigartig.<\/h3>\n<p>Unsere Vision und unser Traum ist es, ein Haus zu schaffen, das die Atmosph\u00e4re des mallorquinischen Stils, Komfort und Perlen vereint. Die Insel Mallorca beeindruckt mit ihren lebendigen Felsformationen, ruhigen und kabbeligen Gew\u00e4ssern, endlosen Sonnenunterg\u00e4ngen und einladenden einheimischen Fischerrestaurants und Bars. <\/p>\n<p>Unsere Villa ist ein wunderbarer Ort, um einen entspannten Urlaub mit Kindern zu verbringen. Aber auch f\u00fcr Gruppen von Menschen, die Sommer- und Winterurlaub in sch\u00f6ner Entspannung, aber auch aktiver Erholung erleben wollen. Sie werden sowohl eine angenehme Erholung mit Ihrer Familie als auch eine angenehme Erholung in privater Atmosph\u00e4re erleben. Der Swimmingpool, der die Geschichte Mallorcas in Form einer Perle vereint, ist ein au\u00dfergew\u00f6hnlicher Teil unserer Villa.   <\/p>\n<p>Unser Wunsch ist es, einen sch\u00f6nen Raum f\u00fcr Sie alle zu schaffen. Die Villa Carpe Diem wird in den kommenden Monaten die W\u00fcnsche der Eigent\u00fcmer erf\u00fcllen und Ihr neuer Traum werden. <\/p>\n<p><em><strong>Ihre Villa Carpe Diem.<\/strong><\/em><\/p>\n<p>[\/et_pb_text][\/et_pb_column][et_pb_column type=&#8220;1_3&#8243; _builder_version=&#8220;4.27.4&#8243; _module_preset=&#8220;default&#8220; global_colors_info=&#8220;{}&#8220;][et_pb_text _builder_version=&#8220;4.27.4&#8243; _module_preset=&#8220;default&#8220; global_colors_info=&#8220;{}&#8220;]<\/p>\n<h2>Probieren Sie es mit uns aus:<\/h2>\n<p>[\/et_pb_text][et_pb_video _builder_version=&#8220;4.27.4&#8243; _module_preset=&#8220;default&#8220; hover_enabled=&#8220;0&#8243; global_colors_info=&#8220;{}&#8220; src=&#8220;https:\/\/youtu.be\/p_agYhNf1YE&#8220; sticky_enabled=&#8220;0&#8243;][\/et_pb_video][et_pb_video src_webm=&#8220;https:\/\/youtu.be\/YNiufSLLEX0&#8243; _builder_version=&#8220;4.27.4&#8243; _module_preset=&#8220;default&#8220; hover_enabled=&#8220;0&#8243; global_colors_info=&#8220;{}&#8220; sticky_enabled=&#8220;0&#8243;][\/et_pb_video][\/et_pb_column][\/et_pb_row][\/et_pb_section][et_pb_section fb_built=&#8220;1&#8243; _builder_version=&#8220;4.27.4&#8243; _module_preset=&#8220;default&#8220; custom_padding=&#8220;0px||0px||true|false&#8220; locked=&#8220;off&#8220; global_colors_info=&#8220;{}&#8220;][et_pb_row column_structure=&#8220;1_4,1_4,1_4,1_4&#8243; use_custom_gutter=&#8220;on&#8220; make_equal=&#8220;on&#8220; _builder_version=&#8220;4.27.4&#8243; _module_preset=&#8220;default&#8220; width=&#8220;100%&#8220; max_width=&#8220;2560px&#8220; custom_padding=&#8220;0px||0px||true|false&#8220; global_colors_info=&#8220;{}&#8220;][et_pb_column type=&#8220;1_4&#8243; _builder_version=&#8220;4.27.4&#8243; _module_preset=&#8220;default&#8220; global_colors_info=&#8220;{}&#8220;][et_pb_image src=&#8220;https:\/\/villacarped.com\/wp-content\/uploads\/2025\/03\/villa-mallorca_8089.jpg&#8220; title_text=&#8220;villa-mallorca_8089&#8243; show_in_lightbox=&#8220;on&#8220; _builder_version=&#8220;4.27.4&#8243; _module_preset=&#8220;default&#8220; global_colors_info=&#8220;{}&#8220;][\/et_pb_image][\/et_pb_column][et_pb_column type=&#8220;1_4&#8243; _builder_version=&#8220;4.27.4&#8243; _module_preset=&#8220;default&#8220; global_colors_info=&#8220;{}&#8220;][et_pb_image src=&#8220;https:\/\/villacarped.com\/wp-content\/uploads\/2025\/03\/villa-mallorca_4332-1.jpg&#8220; title_text=&#8220;villa-mallorca_4332&#8243; show_in_lightbox=&#8220;on&#8220; _builder_version=&#8220;4.27.4&#8243; _module_preset=&#8220;default&#8220; global_colors_info=&#8220;{}&#8220;][\/et_pb_image][\/et_pb_column][et_pb_column type=&#8220;1_4&#8243; _builder_version=&#8220;4.27.4&#8243; _module_preset=&#8220;default&#8220; global_colors_info=&#8220;{}&#8220;][et_pb_image src=&#8220;https:\/\/villacarped.com\/wp-content\/uploads\/2025\/03\/villa-mallorca_2284-1.jpg&#8220; title_text=&#8220;villa-mallorca_2284&#8243; show_in_lightbox=&#8220;on&#8220; _builder_version=&#8220;4.27.4&#8243; _module_preset=&#8220;default&#8220; global_colors_info=&#8220;{}&#8220;][\/et_pb_image][\/et_pb_column][et_pb_column type=&#8220;1_4&#8243; _builder_version=&#8220;4.27.4&#8243; _module_preset=&#8220;default&#8220; global_colors_info=&#8220;{}&#8220;][et_pb_image src=&#8220;https:\/\/villacarped.com\/wp-content\/uploads\/2025\/03\/villa-mallorca_1241.jpg&#8220; title_text=&#8220;villa-mallorca_1241&#8243; show_in_lightbox=&#8220;on&#8220; _builder_version=&#8220;4.27.4&#8243; _module_preset=&#8220;default&#8220; global_colors_info=&#8220;{}&#8220;][\/et_pb_image][\/et_pb_column][\/et_pb_row][\/et_pb_section][et_pb_section fb_built=&#8220;1&#8243; _builder_version=&#8220;4.27.4&#8243; _module_preset=&#8220;default&#8220; locked=&#8220;off&#8220; global_colors_info=&#8220;{}&#8220;][et_pb_row column_structure=&#8220;2_3,1_3&#8243; _builder_version=&#8220;4.27.4&#8243; _module_preset=&#8220;default&#8220; global_colors_info=&#8220;{}&#8220;][et_pb_column type=&#8220;2_3&#8243; _builder_version=&#8220;4.27.4&#8243; _module_preset=&#8220;default&#8220; global_colors_info=&#8220;{}&#8220;][et_pb_text _builder_version=&#8220;4.27.4&#8243; _module_preset=&#8220;default&#8220; global_colors_info=&#8220;{}&#8220;]<\/p>\n<h3>Geplanter Wiederaufbau der Villa Carpe Diem<\/h3>\n<p>Im n\u00e4chsten Jahr wird die Villa einer weiteren Renovierung unterzogen, die den traditionellen mallorquinischen Stil mit modernem Komfort verbinden wird. Wir werden ihre einzigartige Atmosph\u00e4re bewahren, neue Elemente f\u00fcr noch mehr Komfort hinzuf\u00fcgen und einen Raum schaffen, in dem jeder seine wohlverdiente Entspannung und aktive Freizeit genie\u00dfen kann. <\/p>\n<p>Unsere Vision ist klar &#8211; die Sch\u00f6nheit Mallorcas, ein Gef\u00fchl der Ruhe und die Eleganz von Perlen zu kombinieren. Bald werden wir Sie in einem neuen Raum willkommen hei\u00dfen, in dem Sie jeden Tag in vollen Z\u00fcgen genie\u00dfen k\u00f6nnen. <\/p>\n<p><strong><em>Villa Carpe Diem &#8211; ein Ort, an den Sie immer wieder gerne zur\u00fcckkehren werden.<\/em><\/strong><\/p>\n<p>[\/et_pb_text][\/et_pb_column][et_pb_column type=&#8220;1_3&#8243; _builder_version=&#8220;4.27.4&#8243; _module_preset=&#8220;default&#8220; global_colors_info=&#8220;{}&#8220;][et_pb_image src=&#8220;https:\/\/villacarped.com\/wp-content\/uploads\/2025\/03\/Villa-Carped-rekonstrukce-4.png&#8220; title_text=&#8220;Villa Carpe Diem 2026&#8243; _builder_version=&#8220;4.27.4&#8243; _module_preset=&#8220;default&#8220; global_colors_info=&#8220;{}&#8220;][\/et_pb_image][\/et_pb_column][\/et_pb_row][et_pb_row column_structure=&#8220;1_2,1_2&#8243; _builder_version=&#8220;4.27.4&#8243; _module_preset=&#8220;default&#8220; global_colors_info=&#8220;{}&#8220;][et_pb_column type=&#8220;1_2&#8243; _builder_version=&#8220;4.27.4&#8243; _module_preset=&#8220;default&#8220; global_colors_info=&#8220;{}&#8220;][et_pb_image src=&#8220;https:\/\/villacarped.com\/wp-content\/uploads\/2025\/03\/Villa-Carped-rekonstrukce-1.png&#8220; title_text=&#8220;Villa Carpe Diem 2026&#8243; _builder_version=&#8220;4.27.4&#8243; _module_preset=&#8220;default&#8220; global_colors_info=&#8220;{}&#8220;][\/et_pb_image][\/et_pb_column][et_pb_column type=&#8220;1_2&#8243; _builder_version=&#8220;4.27.4&#8243; _module_preset=&#8220;default&#8220; global_colors_info=&#8220;{}&#8220;][et_pb_image src=&#8220;https:\/\/villacarped.com\/wp-content\/uploads\/2025\/03\/Villa-Carped-rekonstrukce-2.png&#8220; title_text=&#8220;Villa Carpe Diem 2026&#8243; _builder_version=&#8220;4.27.4&#8243; _module_preset=&#8220;default&#8220; global_colors_info=&#8220;{}&#8220;][\/et_pb_image][\/et_pb_column][\/et_pb_row][\/et_pb_section]<\/p>\n","protected":false},"excerpt":{"rendered":"<p>Wir sind leidenschaftliche Reisende rund um die Welt Die sch\u00f6nste Perle der Balearen, Mallorca, hat uns verzaubert. Nach langer Suche nach einem geeigneten Ort haben wir die malerische K\u00fcste Mallorcas in der Stadt Cala d&#8217;Or entdeckt. Die beeindruckenden Felsklippen und Sandstr\u00e4nde haben uns buchst\u00e4blich in ihren Bann gezogen. Auf den ersten Blick waren die t\u00fcrkisblaue [&hellip;]<\/p>\n","protected":false},"author":1,"featured_media":0,"parent":0,"menu_order":0,"comment_status":"closed","ping_status":"closed","template":"","meta":{"_et_pb_use_builder":"on","_et_pb_old_content":"","_et_gb_content_width":"","inline_featured_image":false,"footnotes":""},"class_list":["post-1610","page","type-page","status-publish","hentry"],"yoast_head":"<!-- This site is optimized with the Yoast SEO plugin v27.4 - https:\/\/yoast.com\/product\/yoast-seo-wordpress\/ -->\n<title>\u00dcber uns - Villa Carpe diem Cala D&#039;Or Mallorca<\/title>\n<meta name=\"robots\" content=\"index, follow, max-snippet:-1, max-image-preview:large, max-video-preview:-1\" \/>\n<link rel=\"canonical\" href=\"https:\/\/villacarped.com\/de\/ueber-uns\/\" \/>\n<meta property=\"og:locale\" content=\"de_DE\" \/>\n<meta property=\"og:type\" content=\"article\" \/>\n<meta property=\"og:title\" content=\"\u00dcber uns - Villa Carpe diem Cala D&#039;Or Mallorca\" \/>\n<meta property=\"og:description\" content=\"Wir sind leidenschaftliche Reisende rund um die Welt Die sch\u00f6nste Perle der Balearen, Mallorca, hat uns verzaubert. Nach langer Suche nach einem geeigneten Ort haben wir die malerische K\u00fcste Mallorcas in der Stadt Cala d&#039;Or entdeckt. Die beeindruckenden Felsklippen und Sandstr\u00e4nde haben uns buchst\u00e4blich in ihren Bann gezogen. Auf den ersten Blick waren die t\u00fcrkisblaue [&hellip;]\" \/>\n<meta property=\"og:url\" content=\"https:\/\/villacarped.com\/de\/ueber-uns\/\" \/>\n<meta property=\"og:site_name\" content=\"Villa Carpe diem Cala D&#039;Or Mallorca\" \/>\n<meta property=\"article:modified_time\" content=\"2025-07-08T11:15:25+00:00\" \/>\n<meta name=\"twitter:card\" content=\"summary_large_image\" \/>\n<meta name=\"twitter:label1\" content=\"Gesch\u00e4tzte Lesezeit\" \/>\n\t<meta name=\"twitter:data1\" content=\"6\u00a0Minuten\" \/>\n<script type=\"application\/ld+json\" class=\"yoast-schema-graph\">{\"@context\":\"https:\\\/\\\/schema.org\",\"@graph\":[{\"@type\":\"WebPage\",\"@id\":\"https:\\\/\\\/villacarped.com\\\/de\\\/ueber-uns\\\/\",\"url\":\"https:\\\/\\\/villacarped.com\\\/de\\\/ueber-uns\\\/\",\"name\":\"\u00dcber uns - Villa Carpe diem Cala D'Or Mallorca\",\"isPartOf\":{\"@id\":\"https:\\\/\\\/villacarped.com\\\/de\\\/#website\"},\"datePublished\":\"2025-01-27T10:15:56+00:00\",\"dateModified\":\"2025-07-08T11:15:25+00:00\",\"breadcrumb\":{\"@id\":\"https:\\\/\\\/villacarped.com\\\/de\\\/ueber-uns\\\/#breadcrumb\"},\"inLanguage\":\"de\",\"potentialAction\":[{\"@type\":\"ReadAction\",\"target\":[\"https:\\\/\\\/villacarped.com\\\/de\\\/ueber-uns\\\/\"]}]},{\"@type\":\"BreadcrumbList\",\"@id\":\"https:\\\/\\\/villacarped.com\\\/de\\\/ueber-uns\\\/#breadcrumb\",\"itemListElement\":[{\"@type\":\"ListItem\",\"position\":1,\"name\":\"Dom\u016f\",\"item\":\"https:\\\/\\\/villacarped.com\\\/de\\\/villa-carpe-diem\\\/\"},{\"@type\":\"ListItem\",\"position\":2,\"name\":\"\u00dcber uns\"}]},{\"@type\":\"WebSite\",\"@id\":\"https:\\\/\\\/villacarped.com\\\/de\\\/#website\",\"url\":\"https:\\\/\\\/villacarped.com\\\/de\\\/\",\"name\":\"Villa Carpe diem Cala D\u00b4Or Mallorca\",\"description\":\"...leben Sie Ihre Tr\u00e4ume\",\"publisher\":{\"@id\":\"https:\\\/\\\/villacarped.com\\\/de\\\/#organization\"},\"potentialAction\":[{\"@type\":\"SearchAction\",\"target\":{\"@type\":\"EntryPoint\",\"urlTemplate\":\"https:\\\/\\\/villacarped.com\\\/de\\\/?s={search_term_string}\"},\"query-input\":{\"@type\":\"PropertyValueSpecification\",\"valueRequired\":true,\"valueName\":\"search_term_string\"}}],\"inLanguage\":\"de\"},{\"@type\":\"Organization\",\"@id\":\"https:\\\/\\\/villacarped.com\\\/de\\\/#organization\",\"name\":\"Villa Carpe diem Cala D\u00b4Or Mallorca\",\"url\":\"https:\\\/\\\/villacarped.com\\\/de\\\/\",\"logo\":{\"@type\":\"ImageObject\",\"inLanguage\":\"de\",\"@id\":\"https:\\\/\\\/villacarped.com\\\/de\\\/#\\\/schema\\\/logo\\\/image\\\/\",\"url\":\"https:\\\/\\\/villacarped.com\\\/wp-content\\\/uploads\\\/2025\\\/02\\\/logo-final-shin.png\",\"contentUrl\":\"https:\\\/\\\/villacarped.com\\\/wp-content\\\/uploads\\\/2025\\\/02\\\/logo-final-shin.png\",\"width\":536,\"height\":253,\"caption\":\"Villa Carpe diem Cala D\u00b4Or Mallorca\"},\"image\":{\"@id\":\"https:\\\/\\\/villacarped.com\\\/de\\\/#\\\/schema\\\/logo\\\/image\\\/\"},\"sameAs\":[\"https:\\\/\\\/www.instagram.com\\\/villacarped\\\/\"]}]}<\/script>\n<!-- \/ Yoast SEO plugin. -->","yoast_head_json":{"title":"\u00dcber uns - Villa Carpe diem Cala D'Or Mallorca","robots":{"index":"index","follow":"follow","max-snippet":"max-snippet:-1","max-image-preview":"max-image-preview:large","max-video-preview":"max-video-preview:-1"},"canonical":"https:\/\/villacarped.com\/de\/ueber-uns\/","og_locale":"de_DE","og_type":"article","og_title":"\u00dcber uns - Villa Carpe diem Cala D'Or Mallorca","og_description":"Wir sind leidenschaftliche Reisende rund um die Welt Die sch\u00f6nste Perle der Balearen, Mallorca, hat uns verzaubert. Nach langer Suche nach einem geeigneten Ort haben wir die malerische K\u00fcste Mallorcas in der Stadt Cala d'Or entdeckt. Die beeindruckenden Felsklippen und Sandstr\u00e4nde haben uns buchst\u00e4blich in ihren Bann gezogen. Auf den ersten Blick waren die t\u00fcrkisblaue [&hellip;]","og_url":"https:\/\/villacarped.com\/de\/ueber-uns\/","og_site_name":"Villa Carpe diem Cala D'Or Mallorca","article_modified_time":"2025-07-08T11:15:25+00:00","twitter_card":"summary_large_image","twitter_misc":{"Gesch\u00e4tzte Lesezeit":"6\u00a0Minuten"},"schema":{"@context":"https:\/\/schema.org","@graph":[{"@type":"WebPage","@id":"https:\/\/villacarped.com\/de\/ueber-uns\/","url":"https:\/\/villacarped.com\/de\/ueber-uns\/","name":"\u00dcber uns - Villa Carpe diem Cala D'Or Mallorca","isPartOf":{"@id":"https:\/\/villacarped.com\/de\/#website"},"datePublished":"2025-01-27T10:15:56+00:00","dateModified":"2025-07-08T11:15:25+00:00","breadcrumb":{"@id":"https:\/\/villacarped.com\/de\/ueber-uns\/#breadcrumb"},"inLanguage":"de","potentialAction":[{"@type":"ReadAction","target":["https:\/\/villacarped.com\/de\/ueber-uns\/"]}]},{"@type":"BreadcrumbList","@id":"https:\/\/villacarped.com\/de\/ueber-uns\/#breadcrumb","itemListElement":[{"@type":"ListItem","position":1,"name":"Dom\u016f","item":"https:\/\/villacarped.com\/de\/villa-carpe-diem\/"},{"@type":"ListItem","position":2,"name":"\u00dcber uns"}]},{"@type":"WebSite","@id":"https:\/\/villacarped.com\/de\/#website","url":"https:\/\/villacarped.com\/de\/","name":"Villa Carpe diem Cala D\u00b4Or Mallorca","description":"...leben Sie Ihre Tr\u00e4ume","publisher":{"@id":"https:\/\/villacarped.com\/de\/#organization"},"potentialAction":[{"@type":"SearchAction","target":{"@type":"EntryPoint","urlTemplate":"https:\/\/villacarped.com\/de\/?s={search_term_string}"},"query-input":{"@type":"PropertyValueSpecification","valueRequired":true,"valueName":"search_term_string"}}],"inLanguage":"de"},{"@type":"Organization","@id":"https:\/\/villacarped.com\/de\/#organization","name":"Villa Carpe diem Cala D\u00b4Or Mallorca","url":"https:\/\/villacarped.com\/de\/","logo":{"@type":"ImageObject","inLanguage":"de","@id":"https:\/\/villacarped.com\/de\/#\/schema\/logo\/image\/","url":"https:\/\/villacarped.com\/wp-content\/uploads\/2025\/02\/logo-final-shin.png","contentUrl":"https:\/\/villacarped.com\/wp-content\/uploads\/2025\/02\/logo-final-shin.png","width":536,"height":253,"caption":"Villa Carpe diem Cala D\u00b4Or Mallorca"},"image":{"@id":"https:\/\/villacarped.com\/de\/#\/schema\/logo\/image\/"},"sameAs":["https:\/\/www.instagram.com\/villacarped\/"]}]}},"_links":{"self":[{"href":"https:\/\/villacarped.com\/de\/wp-json\/wp\/v2\/pages\/1610","targetHints":{"allow":["GET"]}}],"collection":[{"href":"https:\/\/villacarped.com\/de\/wp-json\/wp\/v2\/pages"}],"about":[{"href":"https:\/\/villacarped.com\/de\/wp-json\/wp\/v2\/types\/page"}],"author":[{"embeddable":true,"href":"https:\/\/villacarped.com\/de\/wp-json\/wp\/v2\/users\/1"}],"replies":[{"embeddable":true,"href":"https:\/\/villacarped.com\/de\/wp-json\/wp\/v2\/comments?post=1610"}],"version-history":[{"count":14,"href":"https:\/\/villacarped.com\/de\/wp-json\/wp\/v2\/pages\/1610\/revisions"}],"predecessor-version":[{"id":2252,"href":"https:\/\/villacarped.com\/de\/wp-json\/wp\/v2\/pages\/1610\/revisions\/2252"}],"wp:attachment":[{"href":"https:\/\/villacarped.com\/de\/wp-json\/wp\/v2\/media?parent=1610"}],"curies":[{"name":"wp","href":"https:\/\/api.w.org\/{rel}","templated":true}]}}